{"id":12,"date":"2023-10-17T16:32:00","date_gmt":"2023-10-17T13:32:00","guid":{"rendered":"https:\/\/www.cigdemkilic.com\/?page_id=12"},"modified":"2023-10-24T16:02:15","modified_gmt":"2023-10-24T13:02:15","slug":"hizmetlerimiz","status":"publish","type":"page","link":"https:\/\/www.cigdemkilic.com\/?page_id=12","title":{"rendered":"H\u0130ZMETLER\u0130M\u0130Z"},"content":{"rendered":"\n<div class=\"wp-block-columns is-layout-flex wp-container-core-columns-is-layout-c47336c3 wp-block-columns-is-layout-flex\" style=\"margin-top:0;margin-bottom:0;padding-top:var(--wp--preset--spacing--60);padding-bottom:var(--wp--preset--spacing--60)\">\n<div class=\"wp-block-column is-layout-flow wp-block-column-is-layout-flow\" style=\"flex-basis:14%\"><\/div>\n\n\n\n<div class=\"wp-block-column is-layout-flow wp-container-core-column-is-layout-22223934 wp-block-column-is-layout-flow\" style=\"flex-basis:72%\">\n<p><strong>1)DEFTER TUTMA<\/strong><\/p>\n\n\n\n<p>-\u015eirket ve holding kurulu\u015flar\u0131, kooperatif kurulu\u015flar\u0131, sekt\u00f6rel d\u0131\u015f ticaret \u015firket kurulu\u015flar\u0131, yabanc\u0131 sermayeli \u015firket kurulu\u015flar\u0131, serbest b\u00f6lge \u015firket kurulu\u015flar\u0131, factoring-leasing gibi ihtisas \u015firket kurulu\u015flar\u0131<\/p>\n\n\n\n<p style=\"margin-right:0;margin-left:0\">-Ve bu \u015firketlerin tadilleri<\/p>\n\n\n\n<p><strong>2)KURUMSAL Y\u00d6NET\u0130M DANI\u015eMANLI\u011eI<\/strong><\/p>\n\n\n\n<p>-\u015eirketlerin kurumsal reorganizasyonlar\u0131n\u0131 ger\u00e7ekle\u015ftirmek<\/p>\n\n\n\n<p>-Kalite belgelerinin al\u0131nmas\u0131n\u0131 sa\u011flamak<\/p>\n\n\n\n<p>-\u0130nsan Kaynaklar\u0131 ilgili dan\u0131\u015fmanl\u0131k yapmak<\/p>\n\n\n\n<p><strong>3)MAL\u0130 Y\u00d6NET\u0130M DANI\u015eMANLI\u011eI<\/strong><\/p>\n\n\n\n<p>-Muhasebe sistemlerini kurmak, geli\u015ftirmek,<\/p>\n\n\n\n<p>-\u0130\u015fletmecilik, muhasebe, finans, mal\u00ee mevzuat ve bunlar\u0131n uygulamalar\u0131 ile ilgili i\u015flerini d\u00fczenlemek<\/p>\n\n\n\n<p>-Bu konularda m\u00fc\u015favirlik yapmak.<\/p>\n\n\n\n<p><strong>4)F\u0130NANS Y\u00d6NET\u0130M DANI\u015eMANLI\u011eI<\/strong><\/p>\n\n\n\n<p>-\u015eirketlerin mali yap\u0131s\u0131nda revizyon ve reorganizasyon yapmak<\/p>\n\n\n\n<p>-\u015eirketlerin \u00f6z varl\u0131klar\u0131n\u0131n tespit edilerek, raporlar\u0131n\u0131 haz\u0131rlamak<\/p>\n\n\n\n<p>-Yukar\u0131da yaz\u0131l\u0131 konularda, i\u015fletmelerin belgelerine dayanarak, inceleme, tahlil, denetim yapmak ve mal\u00ee tablo ve beyannamelerle ilgili konularda yaz\u0131l\u0131 g\u00f6r\u00fc\u015f vermek, rapor ve benzerlerini d\u00fczenlemek, tahkim, bilirki\u015filik ve benzeri i\u015fler yapmak<\/p>\n\n\n\n<p><strong>5)F\u0130NANSMAN Y\u00d6NET\u0130M\u0130<\/strong><\/p>\n\n\n\n<p>-\u0130\u015fletme kredileri temini ( en uygun maliyet, vade ve teminat ko\u015fullar\u0131nda)<\/p>\n\n\n\n<p>-Uzun vadeli proje kredilerinin temini<\/p>\n\n\n\n<p>-Proje fizibilitesinin ve m\u00fcracaat dosyas\u0131n\u0131n haz\u0131rlanmas\u0131<\/p>\n\n\n\n<p>-Yurt i\u00e7inden (ipotekli-ipoteksiz) veya yurd\u0131\u015f\u0131ndan (ipoteksiz) proje kredisi temini<\/p>\n\n\n\n<p>-\u015eirket bor\u00e7lar\u0131n\u0131n yeniden yap\u0131land\u0131r\u0131larak finansman maliyetlerinin en aza indirilmesi.<\/p>\n\n\n\n<p><strong>6)D\u0130\u011eER \u0130\u015eLEMLER<\/strong><\/p>\n\n\n\n<p>-\u0130lanl\u0131 veya ilans\u0131z genel kurullar\u0131n yap\u0131lmas\u0131<\/p>\n\n\n\n<p>-\u015eirketlerin merkez nakilleri (il i\u00e7i ve iller aras\u0131) veya \u015fube a\u00e7\u0131l\u0131\u015flar<\/p>\n\n\n\n<p>-Sermaye art\u0131r\u0131mlar\u0131<\/p>\n\n\n\n<p>-\u015eirket birle\u015fmeleri (ltd+ltd, a\u015f+a\u015f), \u015firket d\u00f6n\u00fc\u015f\u00fcmleri (\u015fah\u0131s firmas\u0131 veya kollektif \u015firket&#8217;in limited veya a.\u015f. olmas\u0131 gibi)<\/p>\n\n\n\n<p>-Tasfiye i\u015flemleri<\/p>\n\n\n\n<p>-Turizm Yat\u0131r\u0131m Belgesi ve Turizm \u0130\u015fletme Belgeleri<\/p>\n\n\n\n<p>-\u00c7evresel Etki De\u011ferlendirmesi raporlar\u0131n\u0131n haz\u0131rlanmas\u0131 ve \u00c7ED Belgelerinin al\u0131nmas\u0131<\/p>\n\n\n\n<p>-Sanayi ve Ticaret bakanl\u0131\u011f\u0131ndan Bak\u0131m, Onar\u0131m ve Servis Garantisi Yeterlilik veya muafiyet Belgesi<\/p>\n\n\n\n<p>-\u00d6zel E\u011fitim Kurumlar\u0131n\u0131n (Kurs-dershane-ilk\u00f6\u011fretim-lise) Milli E\u011fitim Bakanl\u0131\u011f\u0131&#8217;ndan kurum a\u00e7ma izinlerinin al\u0131nmas\u0131<\/p>\n\n\n\n<p>-Poliklinik ve Hastanelerin Sa\u011fl\u0131k Bakanl\u0131\u011f\u0131&#8217;ndan a\u00e7\u0131l\u0131\u015f izinlerinin al\u0131nmas\u0131<\/p>\n\n\n\n<p>-Bakanl\u0131klardan Kontrol Belgesi al\u0131nmas\u0131 i\u015flemleri<\/p>\n\n\n\n<p>-\u0130thalatta III. \u00dclkeler i\u00e7in kota ve G\u00f6zetim uygulamalar\u0131<\/p>\n\n\n\n<p>-Serbest B\u00f6lge yat\u0131r\u0131m dan\u0131\u015fmanl\u0131\u011f\u0131 Faaliyet Ruhsat\u0131 al\u0131nmas\u0131 i\u015flemleri<\/p>\n\n\n\n<p>-\u00d6zel ve genel antrepo i\u015flemleri<\/p>\n<\/div>\n\n\n\n<div class=\"wp-block-column is-layout-flow wp-block-column-is-layout-flow\" style=\"flex-basis:14%\"><\/div>\n<\/div>\n","protected":false},"excerpt":{"rendered":"<p>1)DEFTER TUTMA -\u015eirket ve holding kurulu\u015flar\u0131, kooperatif kurulu\u015flar\u0131, sekt\u00f6rel d\u0131\u015f ticaret \u015firket kurulu\u015flar\u0131, yabanc\u0131 sermayeli \u015firket kurulu\u015flar\u0131, serbest b\u00f6lge \u015firket kurulu\u015flar\u0131, factoring-leasing gibi ihtisas \u015firket kurulu\u015flar\u0131 -Ve bu \u015firketlerin tadilleri 2)KURUMSAL Y\u00d6NET\u0130M DANI\u015eMANLI\u011eI -\u015eirketlerin kurumsal reorganizasyonlar\u0131n\u0131 ger\u00e7ekle\u015ftirmek -Kalite belgelerinin al\u0131nmas\u0131n\u0131 sa\u011flamak -\u0130nsan Kaynaklar\u0131 ilgili dan\u0131\u015fmanl\u0131k yapmak 3)MAL\u0130 Y\u00d6NET\u0130M DANI\u015eMANLI\u011eI -Muhasebe sistemlerini kurmak, geli\u015ftirmek, -\u0130\u015fletmecilik, muhasebe, [&hellip;]<\/p>\n","protected":false},"author":1,"featured_media":0,"parent":0,"menu_order":0,"comment_status":"closed","ping_status":"closed","template":"","meta":{"footnotes":""},"class_list":["post-12","page","type-page","status-publish","hentry"],"_links":{"self":[{"href":"https:\/\/www.cigdemkilic.com\/index.php?rest_route=\/wp\/v2\/pages\/12","targetHints":{"allow":["GET"]}}],"collection":[{"href":"https:\/\/www.cigdemkilic.com\/index.php?rest_route=\/wp\/v2\/pages"}],"about":[{"href":"https:\/\/www.cigdemkilic.com\/index.php?rest_route=\/wp\/v2\/types\/page"}],"author":[{"embeddable":true,"href":"https:\/\/www.cigdemkilic.com\/index.php?rest_route=\/wp\/v2\/users\/1"}],"replies":[{"embeddable":true,"href":"https:\/\/www.cigdemkilic.com\/index.php?rest_route=%2Fwp%2Fv2%2Fcomments&post=12"}],"version-history":[{"count":11,"href":"https:\/\/www.cigdemkilic.com\/index.php?rest_route=\/wp\/v2\/pages\/12\/revisions"}],"predecessor-version":[{"id":163,"href":"https:\/\/www.cigdemkilic.com\/index.php?rest_route=\/wp\/v2\/pages\/12\/revisions\/163"}],"wp:attachment":[{"href":"https:\/\/www.cigdemkilic.com\/index.php?rest_route=%2Fwp%2Fv2%2Fmedia&parent=12"}],"curies":[{"name":"wp","href":"https:\/\/api.w.org\/{rel}","templated":true}]}}